{"id":12,"date":"2025-02-25T11:03:47","date_gmt":"2025-02-25T11:03:47","guid":{"rendered":"https:\/\/karkkilantorigrilli.fi\/?page_id=12"},"modified":"2025-12-30T07:22:11","modified_gmt":"2025-12-30T07:22:11","slug":"etusivu","status":"publish","type":"page","link":"https:\/\/karkkilantorigrilli.fi\/","title":{"rendered":"Etusivu"},"content":{"rendered":"\n<div class=\"wp-block-uagb-container uagb-block-34238edb alignfull uagb-is-root-container\"><div class=\"uagb-container-inner-blocks-wrap\">\n<div class=\"wp-block-uagb-container uagb-block-22199ea5 alignfull uagb-is-root-container\"><div class=\"uagb-container-inner-blocks-wrap\"><\/div><\/div>\n<\/div><\/div>\n\n\n\n<div class=\"wp-block-uagb-container uagb-block-d98e7734 alignfull uagb-is-root-container\"><div class=\"uagb-container-inner-blocks-wrap\">\n<div class=\"wp-block-uagb-info-box uagb-block-3d15c5c7 uagb-infobox__content-wrap  uagb-infobox-icon-above-title uagb-infobox-image-valign-top\"><div class=\"uagb-ifb-content\"><div class=\"uagb-ifb-title-wrap\"><span class=\"uagb-ifb-title-prefix\">Harjukatu 2-4<br>Karkkilan tori<br><br><br><\/span><h3 class=\"uagb-ifb-title\">Olemme avoinna<\/h3><\/div><\/div><\/div>\n\n\n\n<div class=\"wp-block-uagb-icon-list uagb-block-a5dede34\"><div class=\"uagb-icon-list__wrap\">\n<div class=\"wp-block-uagb-icon-list-child uagb-block-aa0e3a8e\"><span class=\"uagb-icon-list__source-wrap\"><svg xmlns=\"https:\/\/www.w3.org\/2000\/svg\" viewBox=\"0 0 512 512\"><path d=\"M256 512C114.6 512 0 397.4 0 256C0 114.6 114.6 0 256 0C397.4 0 512 114.6 512 256C512 397.4 397.4 512 256 512zM232 256C232 264 236 271.5 242.7 275.1L338.7 339.1C349.7 347.3 364.6 344.3 371.1 333.3C379.3 322.3 376.3 307.4 365.3 300L280 243.2V120C280 106.7 269.3 96 255.1 96C242.7 96 231.1 106.7 231.1 120L232 256z\"><\/path><\/svg><\/span><span class=\"uagb-icon-list__label\">Ma-Ke 17-23<\/span><\/div>\n\n\n\n<div class=\"wp-block-uagb-icon-list-child uagb-block-edbb476c\"><span class=\"uagb-icon-list__source-wrap\"><svg xmlns=\"https:\/\/www.w3.org\/2000\/svg\" viewBox=\"0 0 512 512\"><path d=\"M256 512C114.6 512 0 397.4 0 256C0 114.6 114.6 0 256 0C397.4 0 512 114.6 512 256C512 397.4 397.4 512 256 512zM232 256C232 264 236 271.5 242.7 275.1L338.7 339.1C349.7 347.3 364.6 344.3 371.1 333.3C379.3 322.3 376.3 307.4 365.3 300L280 243.2V120C280 106.7 269.3 96 255.1 96C242.7 96 231.1 106.7 231.1 120L232 256z\"><\/path><\/svg><\/span><span class=\"uagb-icon-list__label\">To 17-00<\/span><\/div>\n\n\n\n<div class=\"wp-block-uagb-icon-list-child uagb-block-be166edc\"><span class=\"uagb-icon-list__source-wrap\"><svg xmlns=\"https:\/\/www.w3.org\/2000\/svg\" viewBox=\"0 0 512 512\"><path d=\"M256 512C114.6 512 0 397.4 0 256C0 114.6 114.6 0 256 0C397.4 0 512 114.6 512 256C512 397.4 397.4 512 256 512zM232 256C232 264 236 271.5 242.7 275.1L338.7 339.1C349.7 347.3 364.6 344.3 371.1 333.3C379.3 322.3 376.3 307.4 365.3 300L280 243.2V120C280 106.7 269.3 96 255.1 96C242.7 96 231.1 106.7 231.1 120L232 256z\"><\/path><\/svg><\/span><span class=\"uagb-icon-list__label\">Pe 15-04:30<\/span><\/div>\n\n\n\n<div class=\"wp-block-uagb-icon-list-child uagb-block-10c0aae6\"><span class=\"uagb-icon-list__source-wrap\"><svg xmlns=\"https:\/\/www.w3.org\/2000\/svg\" viewBox=\"0 0 512 512\"><path d=\"M256 512C114.6 512 0 397.4 0 256C0 114.6 114.6 0 256 0C397.4 0 512 114.6 512 256C512 397.4 397.4 512 256 512zM232 256C232 264 236 271.5 242.7 275.1L338.7 339.1C349.7 347.3 364.6 344.3 371.1 333.3C379.3 322.3 376.3 307.4 365.3 300L280 243.2V120C280 106.7 269.3 96 255.1 96C242.7 96 231.1 106.7 231.1 120L232 256z\"><\/path><\/svg><\/span><span class=\"uagb-icon-list__label\">La 16-04:30<\/span><\/div>\n\n\n\n<div class=\"wp-block-uagb-icon-list-child uagb-block-4046326e\"><span class=\"uagb-icon-list__source-wrap\"><svg xmlns=\"https:\/\/www.w3.org\/2000\/svg\" viewBox=\"0 0 512 512\"><path d=\"M256 512C114.6 512 0 397.4 0 256C0 114.6 114.6 0 256 0C397.4 0 512 114.6 512 256C512 397.4 397.4 512 256 512zM232 256C232 264 236 271.5 242.7 275.1L338.7 339.1C349.7 347.3 364.6 344.3 371.1 333.3C379.3 322.3 376.3 307.4 365.3 300L280 243.2V120C280 106.7 269.3 96 255.1 96C242.7 96 231.1 106.7 231.1 120L232 256z\"><\/path><\/svg><\/span><span class=\"uagb-icon-list__label\">Su 16-23<\/span><\/div>\n<\/div><\/div>\n\n\n\n<div class=\"wp-block-uagb-icon-list uagb-block-ed327e75\"><div class=\"uagb-icon-list__wrap\">\n<div class=\"wp-block-uagb-icon-list-child uagb-block-03a168db\"><span class=\"uagb-icon-list__source-wrap\"><svg xmlns=\"https:\/\/www.w3.org\/2000\/svg\" viewBox=\"0 0 512 512\"><path d=\"M464 64C490.5 64 512 85.49 512 112C512 127.1 504.9 141.3 492.8 150.4L275.2 313.6C263.8 322.1 248.2 322.1 236.8 313.6L19.2 150.4C7.113 141.3 0 127.1 0 112C0 85.49 21.49 64 48 64H464zM217.6 339.2C240.4 356.3 271.6 356.3 294.4 339.2L512 176V384C512 419.3 483.3 448 448 448H64C28.65 448 0 419.3 0 384V176L217.6 339.2z\"><\/path><\/svg><\/span><span class=\"uagb-icon-list__label\">info@karkkilantorigrilli.fi<\/span><\/div>\n<\/div><\/div>\n<\/div><\/div>\n\n\n\n<div class=\"wp-block-uagb-container uagb-block-451cfd90 alignfull uagb-is-root-container\"><div class=\"uagb-container-inner-blocks-wrap\">\n<div class=\"wp-block-uagb-advanced-heading uagb-block-1daec495\"><p class=\"uagb-desc-text\">                    Meilt\u00e4 l\u00f6ytyy autokaista sek\u00e4 runsaasti parkkitilaa . Valmistamme my\u00f6s gluteenittomia grilliherkkuja.<\/p><\/div>\n\n\n\n<div class=\"wp-block-uagb-advanced-heading uagb-block-28be1093\"><p class=\"uagb-desc-text\">P\u00e4ivitimme <a href=\"https:\/\/nano.paljon.fi\/karkkilan-torigrilli\/kampanjat\/liity-karkkilan-torigrillin-kanta-asiakkaaksi-saat-heti-rahan-arvoisen-edun-puhelimeesi\/\" data-type=\"link\" data-id=\"https:\/\/nano.paljon.fi\/karkkilan-torigrilli\/kampanjat\/liity-karkkilan-torigrillin-kanta-asiakkaaksi-saat-heti-rahan-arvoisen-edun-puhelimeesi\/\">kanta-asiakasj\u00e4rjestelm\u00e4\u00e4mme !<\/a> Nyt entist\u00e4 paremmat edut kanta-asiakkaillemme kun p\u00e4ivit\u00e4t tietosi uuteen j\u00e4rjestelm\u00e4\u00e4n saat seuraavalla kerralla ilmaisen Cola t\u00f6lkin tai kahvin . Jatkossa ker\u00e4\u00e4t leimoja jokaisesta yli 10 \u20ac ostoksestasi , kun 10 leimaa on ker\u00e4ttyn\u00e4 saat seuraavalla kerralla 10\u20ac alennuksen ostoksistasi.<\/p><\/div>\n\n\n\n<div class=\"wp-block-uagb-advanced-heading uagb-block-123f93fb\"><h2 class=\"uagb-heading-text\">Tervetuloa herkuttelemaan !<\/h2><p class=\"uagb-desc-text\">Ruokalistamme l\u00f6yd\u00e4t t\u00e4st\u00e4<\/p><\/div>\n\n\n\n<div class=\"wp-block-uagb-image uagb-block-3de82516 wp-block-uagb-image--layout-default wp-block-uagb-image--effect-static wp-block-uagb-image--align-none\"><figure class=\"wp-block-uagb-image__figure\"><img decoding=\"async\" srcset=\"https:\/\/karkkilantorigrilli.fi\/wp-content\/uploads\/2025\/11\/vaaka-2-vedos-1024x724.png ,https:\/\/karkkilantorigrilli.fi\/wp-content\/uploads\/2025\/11\/vaaka-2-vedos-scaled.png 780w, https:\/\/karkkilantorigrilli.fi\/wp-content\/uploads\/2025\/11\/vaaka-2-vedos-scaled.png 360w\" sizes=\"auto, (max-width: 480px) 150px\" src=\"https:\/\/karkkilantorigrilli.fi\/wp-content\/uploads\/2025\/11\/vaaka-2-vedos-1024x724.png\" alt=\"\" class=\"uag-image-70\" width=\"7874\" height=\"5512\" title=\"vaaka 2 vedos\" loading=\"lazy\" role=\"img\"\/><\/figure><\/div>\n\n\n\n<div class=\"wp-block-uagb-image uagb-block-fe4dd087 wp-block-uagb-image--layout-default wp-block-uagb-image--effect-static wp-block-uagb-image--align-none\"><figure class=\"wp-block-uagb-image__figure\"><img decoding=\"async\" srcset=\"https:\/\/karkkilantorigrilli.fi\/wp-content\/uploads\/2025\/11\/vaaka-1-vedos-1024x724.png ,https:\/\/karkkilantorigrilli.fi\/wp-content\/uploads\/2025\/11\/vaaka-1-vedos-scaled.png 780w, https:\/\/karkkilantorigrilli.fi\/wp-content\/uploads\/2025\/11\/vaaka-1-vedos-scaled.png 360w\" sizes=\"auto, (max-width: 480px) 150px\" src=\"https:\/\/karkkilantorigrilli.fi\/wp-content\/uploads\/2025\/11\/vaaka-1-vedos-1024x724.png\" alt=\"\" class=\"uag-image-69\" width=\"7874\" height=\"5512\" title=\"vaaka 1 vedos\" loading=\"lazy\" role=\"img\"\/><\/figure><\/div>\n\n\n\n<div class=\"wp-block-uagb-container uagb-block-f4607d08\">\n<div class=\"wp-block-uagb-image uagb-block-2be34869 wp-block-uagb-image--layout-default wp-block-uagb-image--effect-static wp-block-uagb-image--align-none\"><figure class=\"wp-block-uagb-image__figure\"><img decoding=\"async\" srcset=\"https:\/\/karkkilantorigrilli.fi\/wp-content\/uploads\/2025\/02\/lataus.jpeg ,https:\/\/karkkilantorigrilli.fi\/wp-content\/uploads\/2025\/02\/lataus.jpeg 780w, https:\/\/karkkilantorigrilli.fi\/wp-content\/uploads\/2025\/02\/lataus.jpeg 360w\" sizes=\"auto, (max-width: 480px) 150px\" src=\"https:\/\/karkkilantorigrilli.fi\/wp-content\/uploads\/2025\/02\/lataus.jpeg\" alt=\"\" class=\"uag-image-45\" width=\"500\" height=\"588\" title=\"lataus\" loading=\"lazy\" role=\"img\"\/><\/figure><\/div>\n<\/div>\n\n\n\n<div class=\"wp-block-uagb-advanced-heading uagb-block-25ec8f31\"><p class=\"uagb-heading-text\">Kotisivujen toteutus: <a href=\"https:\/\/sivustolinja.fi\/\" data-type=\"link\" data-id=\"https:\/\/sivustolinja.fi\/\">Sivustolinja.fi<\/a><\/p><\/div>\n<\/div><\/div>\n\n\n\n<p><\/p>\n","protected":false},"excerpt":{"rendered":"<p>Meilt\u00e4 l\u00f6ytyy autokaista sek\u00e4 runsaasti parkkitilaa . Valmistamme my\u00f6s gluteenittomia grilliherkkuja. P\u00e4ivitimme kanta-asiakasj\u00e4rjestelm\u00e4\u00e4mme ! Nyt entist\u00e4 paremmat edut kanta-asiakkaillemme kun [&hellip;]<\/p>\n","protected":false},"author":1,"featured_media":0,"parent":0,"menu_order":0,"comment_status":"closed","ping_status":"closed","template":"","meta":{"_uag_custom_page_level_css":"","site-sidebar-layout":"default","site-content-layout":"","ast-site-content-layout":"","site-content-style":"default","site-sidebar-style":"default","ast-global-header-display":"disabled","ast-banner-title-visibility":"","ast-main-header-display":"","ast-hfb-above-header-display":"","ast-hfb-below-header-display":"","ast-hfb-mobile-header-display":"","site-post-title":"disabled","ast-breadcrumbs-content":"","ast-featured-img":"","footer-sml-layout":"disabled","theme-transparent-header-meta":"","adv-header-id-meta":"","stick-header-meta":"","header-above-stick-meta":"","header-main-stick-meta":"","header-below-stick-meta":"","astra-migrate-meta-layouts":"default","ast-page-background-enabled":"default","ast-page-background-meta":{"desktop":{"background-color":"var(--ast-global-color-5)","background-image":"","background-repeat":"repeat","background-position":"center center","background-size":"auto","background-attachment":"scroll","background-type":"","background-media":"","overlay-type":"","overlay-color":"","overlay-opacity":"","overlay-gradient":""},"tablet":{"background-color":"","background-image":"","background-repeat":"repeat","background-position":"center center","background-size":"auto","background-attachment":"scroll","background-type":"","background-media":"","overlay-type":"","overlay-color":"","overlay-opacity":"","overlay-gradient":""},"mobile":{"background-color":"","background-image":"","background-repeat":"repeat","background-position":"center center","background-size":"auto","background-attachment":"scroll","background-type":"","background-media":"","overlay-type":"","overlay-color":"","overlay-opacity":"","overlay-gradient":""}},"ast-content-background-meta":{"desktop":{"background-color":"var(--ast-global-color-4)","background-image":"","background-repeat":"repeat","background-position":"center center","background-size":"auto","background-attachment":"scroll","background-type":"","background-media":"","overlay-type":"","overlay-color":"","overlay-opacity":"","overlay-gradient":""},"tablet":{"background-color":"var(--ast-global-color-4)","background-image":"","background-repeat":"repeat","background-position":"center center","background-size":"auto","background-attachment":"scroll","background-type":"","background-media":"","overlay-type":"","overlay-color":"","overlay-opacity":"","overlay-gradient":""},"mobile":{"background-color":"var(--ast-global-color-4)","background-image":"","background-repeat":"repeat","background-position":"center center","background-size":"auto","background-attachment":"scroll","background-type":"","background-media":"","overlay-type":"","overlay-color":"","overlay-opacity":"","overlay-gradient":""}},"powered_cache_disable_cache":false,"footnotes":""},"class_list":["post-12","page","type-page","status-publish","hentry"],"uagb_featured_image_src":{"full":false,"thumbnail":false,"medium":false,"medium_large":false,"large":false,"1536x1536":false,"2048x2048":false},"uagb_author_info":{"display_name":"admin","author_link":"https:\/\/karkkilantorigrilli.fi\/?author=1"},"uagb_comment_info":0,"uagb_excerpt":"Meilt\u00e4 l\u00f6ytyy autokaista sek\u00e4 runsaasti parkkitilaa . Valmistamme my\u00f6s gluteenittomia grilliherkkuja. P\u00e4ivitimme kanta-asiakasj\u00e4rjestelm\u00e4\u00e4mme ! Nyt entist\u00e4 paremmat edut kanta-asiakkaillemme kun [&hellip;]","_links":{"self":[{"href":"https:\/\/karkkilantorigrilli.fi\/index.php?rest_route=\/wp\/v2\/pages\/12","targetHints":{"allow":["GET"]}}],"collection":[{"href":"https:\/\/karkkilantorigrilli.fi\/index.php?rest_route=\/wp\/v2\/pages"}],"about":[{"href":"https:\/\/karkkilantorigrilli.fi\/index.php?rest_route=\/wp\/v2\/types\/page"}],"author":[{"embeddable":true,"href":"https:\/\/karkkilantorigrilli.fi\/index.php?rest_route=\/wp\/v2\/users\/1"}],"replies":[{"embeddable":true,"href":"https:\/\/karkkilantorigrilli.fi\/index.php?rest_route=%2Fwp%2Fv2%2Fcomments&post=12"}],"version-history":[{"count":31,"href":"https:\/\/karkkilantorigrilli.fi\/index.php?rest_route=\/wp\/v2\/pages\/12\/revisions"}],"predecessor-version":[{"id":73,"href":"https:\/\/karkkilantorigrilli.fi\/index.php?rest_route=\/wp\/v2\/pages\/12\/revisions\/73"}],"wp:attachment":[{"href":"https:\/\/karkkilantorigrilli.fi\/index.php?rest_route=%2Fwp%2Fv2%2Fmedia&parent=12"}],"curies":[{"name":"wp","href":"https:\/\/api.w.org\/{rel}","templated":true}]}}